{"id":36,"date":"2021-01-22T12:41:35","date_gmt":"2021-01-22T12:41:35","guid":{"rendered":"http:\/\/oisis.projects.unibz.it\/?page_id=36"},"modified":"2021-02-18T18:00:51","modified_gmt":"2021-02-18T18:00:51","slug":"oisis-project","status":"publish","type":"page","link":"https:\/\/oisis.projects.unibz.it\/","title":{"rendered":"OISIS"},"content":{"rendered":"\n<div style=\"height:25px\" aria-hidden=\"true\" class=\"wp-block-spacer\"><\/div>\n\n\n\n<p class=\"has-text-align-left container small-cont\"><strong><span class=\"has-inline-color has-luminous-vivid-orange-color\">OISIS <\/span><\/strong><\/p>\n\n\n\n<p class=\"has-text-align-left container small-cont\"><strong><br><\/strong>OISIS ist die Beobachtungsstelle f\u00fcr soziale Innovation und soziales Unternehmertum der Fakult\u00e4t f\u00fcr Wirtschaftswissenschaften der Freien Universit\u00e4t Bozen. Ziel ist es, das \u00d6kosystem der sozialen Innovation in S\u00fcdtirol zu untersuchen, und die Entwicklung eines unternehmerischen Ansatzes zur L\u00f6sung sozialer Probleme und zur Erreichung nachhaltiger Entwicklungsziele zu f\u00f6rdern.<\/p>\n\n\n\n<p><\/p>\n\n\n\n<p class=\"container small-cont\"><strong><br><\/strong>OISIS \u00e8 l&#8217;Osservatorio sull&#8217;Innovazione Sociale e l&#8217;Imprenditorialit\u00e0 Sociale della Facolt\u00e0 di Economia della Libera Universit\u00e0 di Bolzano. Studia l\u2019ecosistema dell\u2019innovazione sociale in Alto Adige, favorendo lo sviluppo di un approccio imprenditoriale per la soluzione di problemi sociali e il conseguimento degli obiettivi di sviluppo sostenibile.<\/p>\n\n\n\n<div class=\"wp-block-columns is-layout-flex wp-container-core-columns-is-layout-9d6595d7 wp-block-columns-is-layout-flex\">\n<div class=\"wp-block-column img-home-div is-layout-flow wp-block-column-is-layout-flow\" style=\"flex-basis:100%\"><\/div>\n<\/div>\n\n\n\n<div class=\"wp-block-columns is-layout-flex wp-container-core-columns-is-layout-9d6595d7 wp-block-columns-is-layout-flex\">\n<div class=\"wp-block-column is-layout-flow wp-block-column-is-layout-flow\" style=\"flex-basis:100%\">\n<h2 class=\"small-cont has-text-color wp-block-heading\" style=\"color:#f2736e\">News<\/h2>\n\n\n<ul class=\"wp-block-latest-posts__list has-dates aligncenter small-cont list-news wp-block-latest-posts\"><li><div class=\"wp-block-latest-posts__featured-image alignleft\"><img loading=\"lazy\" decoding=\"async\" width=\"150\" height=\"150\" src=\"https:\/\/oisis.projects.unibz.it\/wp-content\/uploads\/2022\/04\/20220324_191854-150x150.jpg\" class=\"attachment-thumbnail size-thumbnail wp-post-image\" alt=\"\" style=\"\" \/><\/div><a class=\"wp-block-latest-posts__post-title\" href=\"https:\/\/oisis.projects.unibz.it\/?p=609\">Evento di presentazione del libro \u201cLa staffetta cooperativa\u201d di Alberto Stenico e Oscar Kiesswetter<\/a><time datetime=\"2022-04-04T16:54:19+00:00\" class=\"wp-block-latest-posts__post-date\">04\/04\/2022<\/time><div class=\"wp-block-latest-posts__post-excerpt\">Gioved\u00ec 24 marzo 2022 si \u00e8 tenuto presso unibz l\u2019evento di presentazione del libro \u201cLa staffetta cooperativa\u201d di Alberto Stenico e Oscar Kiesswetter. L\u2019evento \u00e8 stato co-organizzato dall\u2019Osservatorio OISIS, in collaborazione con la Facolt\u00e0\u2026 <a class=\"wp-block-latest-posts__read-more\" href=\"https:\/\/oisis.projects.unibz.it\/?p=609\" rel=\"noopener noreferrer\">Read more<span class=\"screen-reader-text\">: Evento di presentazione del libro \u201cLa staffetta cooperativa\u201d di Alberto Stenico e Oscar Kiesswetter<\/span><\/a><\/div><\/li>\n<li><div class=\"wp-block-latest-posts__featured-image alignleft\"><img loading=\"lazy\" decoding=\"async\" width=\"150\" height=\"150\" src=\"https:\/\/oisis.projects.unibz.it\/wp-content\/uploads\/2022\/02\/COOP-MINDSET_Promo-Social-150x150.png\" class=\"attachment-thumbnail size-thumbnail wp-post-image\" alt=\"\" style=\"\" \/><\/div><a class=\"wp-block-latest-posts__post-title\" href=\"https:\/\/oisis.projects.unibz.it\/?p=555\">Percorso Coop Mindset \u2013 Seconda parte<\/a><time datetime=\"2022-02-02T15:40:31+00:00\" class=\"wp-block-latest-posts__post-date\">02\/02\/2022<\/time><div class=\"wp-block-latest-posts__post-excerpt\">Hai un\u2019idea imprenditoriale cooperativa ad impatto sociale? Sei una cooperativa e vuoi sperimentare nuove idee? Candidati allora per partecipare al percorso laboratoriale per lo sviluppo di nuove idee cooperative Coop Mindset, organizzato e implementato\u2026 <a class=\"wp-block-latest-posts__read-more\" href=\"https:\/\/oisis.projects.unibz.it\/?p=555\" rel=\"noopener noreferrer\">Read more<span class=\"screen-reader-text\">: Percorso Coop Mindset \u2013 Seconda parte<\/span><\/a><\/div><\/li>\n<li><div class=\"wp-block-latest-posts__featured-image alignleft\"><img loading=\"lazy\" decoding=\"async\" width=\"150\" height=\"150\" src=\"https:\/\/oisis.projects.unibz.it\/wp-content\/uploads\/2021\/11\/Post_Social_eventosocialinnovators1-1-150x150.png\" class=\"attachment-thumbnail size-thumbnail wp-post-image\" alt=\"\" style=\"\" srcset=\"https:\/\/oisis.projects.unibz.it\/wp-content\/uploads\/2021\/11\/Post_Social_eventosocialinnovators1-1-150x150.png 150w, https:\/\/oisis.projects.unibz.it\/wp-content\/uploads\/2021\/11\/Post_Social_eventosocialinnovators1-1-300x300.png 300w, https:\/\/oisis.projects.unibz.it\/wp-content\/uploads\/2021\/11\/Post_Social_eventosocialinnovators1-1-1024x1024.png 1024w, https:\/\/oisis.projects.unibz.it\/wp-content\/uploads\/2021\/11\/Post_Social_eventosocialinnovators1-1-768x768.png 768w, https:\/\/oisis.projects.unibz.it\/wp-content\/uploads\/2021\/11\/Post_Social_eventosocialinnovators1-1-1536x1536.png 1536w, https:\/\/oisis.projects.unibz.it\/wp-content\/uploads\/2021\/11\/Post_Social_eventosocialinnovators1-1-2048x2048.png 2048w\" sizes=\"auto, (max-width: 150px) 100vw, 150px\" \/><\/div><a class=\"wp-block-latest-posts__post-title\" href=\"https:\/\/oisis.projects.unibz.it\/?p=522\">Evento Social Innovators as Changemakers in South Tyrol Event<\/a><time datetime=\"2021-11-02T12:47:52+00:00\" class=\"wp-block-latest-posts__post-date\">02\/11\/2021<\/time><div class=\"wp-block-latest-posts__post-excerpt\">Gioved\u00ec 11 novembre alle ore 17.30, l&#8217;Osservatorio OISIS organizza un evento online in occasione del Social Enterprise Day sul tema degli innovatori\/innovatrici e imprenditori\/imprenditrici sociali in Alto Adige e sul loro ruolo come agenti\u2026 <a class=\"wp-block-latest-posts__read-more\" href=\"https:\/\/oisis.projects.unibz.it\/?p=522\" rel=\"noopener noreferrer\">Read more<span class=\"screen-reader-text\">: Evento Social Innovators as Changemakers in South Tyrol Event<\/span><\/a><\/div><\/li>\n<li><div class=\"wp-block-latest-posts__featured-image alignleft\"><img loading=\"lazy\" decoding=\"async\" width=\"150\" height=\"150\" src=\"https:\/\/oisis.projects.unibz.it\/wp-content\/uploads\/2021\/02\/IMG_4164-150x150.jpg\" class=\"attachment-thumbnail size-thumbnail wp-post-image\" alt=\"\" style=\"\" \/><\/div><a class=\"wp-block-latest-posts__post-title\" href=\"https:\/\/oisis.projects.unibz.it\/?p=501\">Corso Social Business Model Clinic Kurs &#8211; seconda edizione<\/a><time datetime=\"2021-10-18T06:51:02+00:00\" class=\"wp-block-latest-posts__post-date\">18\/10\/2021<\/time><div class=\"wp-block-latest-posts__post-excerpt\">OISIS organizza la seconda edizione del corso Social Business Model Clinic nell\u2019ambito dell\u2019offerta formativa dello Studium Generale della Libera Universit\u00e0 di Bolzano. Il corso, offerto in modalit\u00e0 online, inizia a fine novembre 2021. Il\u2026 <a class=\"wp-block-latest-posts__read-more\" href=\"https:\/\/oisis.projects.unibz.it\/?p=501\" rel=\"noopener noreferrer\">Read more<span class=\"screen-reader-text\">: Corso Social Business Model Clinic Kurs &#8211; seconda edizione<\/span><\/a><\/div><\/li>\n<li><div class=\"wp-block-latest-posts__featured-image alignleft\"><img loading=\"lazy\" decoding=\"async\" width=\"150\" height=\"150\" src=\"https:\/\/oisis.projects.unibz.it\/wp-content\/uploads\/2021\/09\/COOP-MINDSET-SOCIAL-v.2-150x150.png\" class=\"attachment-thumbnail size-thumbnail wp-post-image\" alt=\"\" style=\"\" \/><\/div><a class=\"wp-block-latest-posts__post-title\" href=\"https:\/\/oisis.projects.unibz.it\/?p=440\">Corso Coop Mindset &#8211; prima parte<\/a><time datetime=\"2021-09-13T12:58:03+00:00\" class=\"wp-block-latest-posts__post-date\">13\/09\/2021<\/time><div class=\"wp-block-latest-posts__post-excerpt\">L&#8217;Osservatorio OISIS, insieme all&#8217;istituto di ricerca Euricse, all&#8217;Universit\u00e0 di Trento, all&#8217;Universit\u00e0 di Palermo, a Hub Innovazione Trentino e a Irecoop Alto Adige S\u00fcdtirol, organizza il corso Coopmindset che verr\u00e0 offerto all&#8217;interno dell&#8217;offerta formativa dello\u2026 <a class=\"wp-block-latest-posts__read-more\" href=\"https:\/\/oisis.projects.unibz.it\/?p=440\" rel=\"noopener noreferrer\">Read more<span class=\"screen-reader-text\">: Corso Coop Mindset &#8211; prima parte<\/span><\/a><\/div><\/li>\n<\/ul><\/div>\n<\/div>\n","protected":false},"excerpt":{"rendered":"<p>OISIS OISIS ist die Beobachtungsstelle f\u00fcr soziale Innovation und soziales Unternehmertum der Fakult\u00e4t f\u00fcr Wirtschaftswissenschaften der Freien Universit\u00e4t Bozen. Ziel ist es, das \u00d6kosystem der sozialen Innovation in S\u00fcdtirol zu untersuchen, und die Entwicklung eines unternehmerischen Ansatzes zur L\u00f6sung sozialer Probleme und zur Erreichung nachhaltiger Entwicklungsziele zu f\u00f6rdern. OISIS \u00e8 l&#8217;Osservatorio sull&#8217;Innovazione Sociale e l&#8217;Imprenditorialit\u00e0 Sociale della Facolt\u00e0 di Economia della Libera Universit\u00e0 di Bolzano. Studia l\u2019ecosistema dell\u2019innovazione sociale in Alto Adige, favorendo lo sviluppo di un approccio imprenditoriale per la soluzione di problemi sociali e il conseguimento degli obiettivi di sviluppo sostenibile. News<\/p>\n","protected":false},"author":8,"featured_media":0,"parent":0,"menu_order":0,"comment_status":"closed","ping_status":"closed","template":"","meta":{"footnotes":""},"class_list":["post-36","page","type-page","status-publish","hentry"],"yoast_head":"<!-- This site is optimized with the Yoast SEO plugin v27.5 - https:\/\/yoast.com\/product\/yoast-seo-wordpress\/ -->\n<title>OISIS - oisis.projects<\/title>\n<meta name=\"robots\" content=\"index, follow, max-snippet:-1, max-image-preview:large, max-video-preview:-1\" \/>\n<link rel=\"canonical\" href=\"https:\/\/oisis.projects.unibz.it\/\" \/>\n<meta property=\"og:locale\" content=\"en_US\" \/>\n<meta property=\"og:type\" content=\"article\" \/>\n<meta property=\"og:title\" content=\"OISIS - oisis.projects\" \/>\n<meta property=\"og:description\" content=\"OISIS OISIS ist die Beobachtungsstelle f\u00fcr soziale Innovation und soziales Unternehmertum der Fakult\u00e4t f\u00fcr Wirtschaftswissenschaften der Freien Universit\u00e4t Bozen. Ziel ist es, das \u00d6kosystem der sozialen Innovation in S\u00fcdtirol zu untersuchen, und die Entwicklung eines unternehmerischen Ansatzes zur L\u00f6sung sozialer Probleme und zur Erreichung nachhaltiger Entwicklungsziele zu f\u00f6rdern. OISIS \u00e8 l&#8217;Osservatorio sull&#8217;Innovazione Sociale e l&#8217;Imprenditorialit\u00e0 Sociale della Facolt\u00e0 di Economia della Libera Universit\u00e0 di Bolzano. Studia l\u2019ecosistema dell\u2019innovazione sociale in Alto Adige, favorendo lo sviluppo di un approccio imprenditoriale per la soluzione di problemi sociali e il conseguimento degli obiettivi di sviluppo sostenibile. News\" \/>\n<meta property=\"og:url\" content=\"https:\/\/oisis.projects.unibz.it\/\" \/>\n<meta property=\"og:site_name\" content=\"oisis.projects\" \/>\n<meta property=\"article:modified_time\" content=\"2021-02-18T18:00:51+00:00\" \/>\n<meta name=\"twitter:card\" content=\"summary_large_image\" \/>\n<meta name=\"twitter:label1\" content=\"Est. reading time\" \/>\n\t<meta name=\"twitter:data1\" content=\"1 minute\" \/>\n<script type=\"application\/ld+json\" class=\"yoast-schema-graph\">{\"@context\":\"https:\\\/\\\/schema.org\",\"@graph\":[{\"@type\":\"WebPage\",\"@id\":\"https:\\\/\\\/oisis.projects.unibz.it\\\/\",\"url\":\"https:\\\/\\\/oisis.projects.unibz.it\\\/\",\"name\":\"OISIS - oisis.projects\",\"isPartOf\":{\"@id\":\"https:\\\/\\\/oisis.projects.unibz.it\\\/#website\"},\"datePublished\":\"2021-01-22T12:41:35+00:00\",\"dateModified\":\"2021-02-18T18:00:51+00:00\",\"breadcrumb\":{\"@id\":\"https:\\\/\\\/oisis.projects.unibz.it\\\/#breadcrumb\"},\"inLanguage\":\"en-US\",\"potentialAction\":[{\"@type\":\"ReadAction\",\"target\":[\"https:\\\/\\\/oisis.projects.unibz.it\\\/\"]}]},{\"@type\":\"BreadcrumbList\",\"@id\":\"https:\\\/\\\/oisis.projects.unibz.it\\\/#breadcrumb\",\"itemListElement\":[{\"@type\":\"ListItem\",\"position\":1,\"name\":\"Home\",\"item\":\"https:\\\/\\\/oisis.projects.unibz.it\\\/\"},{\"@type\":\"ListItem\",\"position\":2,\"name\":\"OISIS\"}]},{\"@type\":\"WebSite\",\"@id\":\"https:\\\/\\\/oisis.projects.unibz.it\\\/#website\",\"url\":\"https:\\\/\\\/oisis.projects.unibz.it\\\/\",\"name\":\"oisis.projects\",\"description\":\"\",\"potentialAction\":[{\"@type\":\"SearchAction\",\"target\":{\"@type\":\"EntryPoint\",\"urlTemplate\":\"https:\\\/\\\/oisis.projects.unibz.it\\\/?s={search_term_string}\"},\"query-input\":{\"@type\":\"PropertyValueSpecification\",\"valueRequired\":true,\"valueName\":\"search_term_string\"}}],\"inLanguage\":\"en-US\"}]}<\/script>\n<!-- \/ Yoast SEO plugin. -->","yoast_head_json":{"title":"OISIS - oisis.projects","robots":{"index":"index","follow":"follow","max-snippet":"max-snippet:-1","max-image-preview":"max-image-preview:large","max-video-preview":"max-video-preview:-1"},"canonical":"https:\/\/oisis.projects.unibz.it\/","og_locale":"en_US","og_type":"article","og_title":"OISIS - oisis.projects","og_description":"OISIS OISIS ist die Beobachtungsstelle f\u00fcr soziale Innovation und soziales Unternehmertum der Fakult\u00e4t f\u00fcr Wirtschaftswissenschaften der Freien Universit\u00e4t Bozen. Ziel ist es, das \u00d6kosystem der sozialen Innovation in S\u00fcdtirol zu untersuchen, und die Entwicklung eines unternehmerischen Ansatzes zur L\u00f6sung sozialer Probleme und zur Erreichung nachhaltiger Entwicklungsziele zu f\u00f6rdern. OISIS \u00e8 l&#8217;Osservatorio sull&#8217;Innovazione Sociale e l&#8217;Imprenditorialit\u00e0 Sociale della Facolt\u00e0 di Economia della Libera Universit\u00e0 di Bolzano. Studia l\u2019ecosistema dell\u2019innovazione sociale in Alto Adige, favorendo lo sviluppo di un approccio imprenditoriale per la soluzione di problemi sociali e il conseguimento degli obiettivi di sviluppo sostenibile. News","og_url":"https:\/\/oisis.projects.unibz.it\/","og_site_name":"oisis.projects","article_modified_time":"2021-02-18T18:00:51+00:00","twitter_card":"summary_large_image","twitter_misc":{"Est. reading time":"1 minute"},"schema":{"@context":"https:\/\/schema.org","@graph":[{"@type":"WebPage","@id":"https:\/\/oisis.projects.unibz.it\/","url":"https:\/\/oisis.projects.unibz.it\/","name":"OISIS - oisis.projects","isPartOf":{"@id":"https:\/\/oisis.projects.unibz.it\/#website"},"datePublished":"2021-01-22T12:41:35+00:00","dateModified":"2021-02-18T18:00:51+00:00","breadcrumb":{"@id":"https:\/\/oisis.projects.unibz.it\/#breadcrumb"},"inLanguage":"en-US","potentialAction":[{"@type":"ReadAction","target":["https:\/\/oisis.projects.unibz.it\/"]}]},{"@type":"BreadcrumbList","@id":"https:\/\/oisis.projects.unibz.it\/#breadcrumb","itemListElement":[{"@type":"ListItem","position":1,"name":"Home","item":"https:\/\/oisis.projects.unibz.it\/"},{"@type":"ListItem","position":2,"name":"OISIS"}]},{"@type":"WebSite","@id":"https:\/\/oisis.projects.unibz.it\/#website","url":"https:\/\/oisis.projects.unibz.it\/","name":"oisis.projects","description":"","potentialAction":[{"@type":"SearchAction","target":{"@type":"EntryPoint","urlTemplate":"https:\/\/oisis.projects.unibz.it\/?s={search_term_string}"},"query-input":{"@type":"PropertyValueSpecification","valueRequired":true,"valueName":"search_term_string"}}],"inLanguage":"en-US"}]}},"_links":{"self":[{"href":"https:\/\/oisis.projects.unibz.it\/index.php?rest_route=\/wp\/v2\/pages\/36","targetHints":{"allow":["GET"]}}],"collection":[{"href":"https:\/\/oisis.projects.unibz.it\/index.php?rest_route=\/wp\/v2\/pages"}],"about":[{"href":"https:\/\/oisis.projects.unibz.it\/index.php?rest_route=\/wp\/v2\/types\/page"}],"author":[{"embeddable":true,"href":"https:\/\/oisis.projects.unibz.it\/index.php?rest_route=\/wp\/v2\/users\/8"}],"replies":[{"embeddable":true,"href":"https:\/\/oisis.projects.unibz.it\/index.php?rest_route=%2Fwp%2Fv2%2Fcomments&post=36"}],"version-history":[{"count":59,"href":"https:\/\/oisis.projects.unibz.it\/index.php?rest_route=\/wp\/v2\/pages\/36\/revisions"}],"predecessor-version":[{"id":383,"href":"https:\/\/oisis.projects.unibz.it\/index.php?rest_route=\/wp\/v2\/pages\/36\/revisions\/383"}],"wp:attachment":[{"href":"https:\/\/oisis.projects.unibz.it\/index.php?rest_route=%2Fwp%2Fv2%2Fmedia&parent=36"}],"curies":[{"name":"wp","href":"https:\/\/api.w.org\/{rel}","templated":true}]}}