{"id":166,"date":"2021-02-08T17:49:47","date_gmt":"2021-02-08T17:49:47","guid":{"rendered":"http:\/\/oisis.projects.unibz.it\/?page_id=166"},"modified":"2023-06-05T06:33:55","modified_gmt":"2023-06-05T06:33:55","slug":"news-events","status":"publish","type":"page","link":"https:\/\/oisis.projects.unibz.it\/?page_id=166","title":{"rendered":"News &#038; Events"},"content":{"rendered":"\n<div class=\"wp-block-group\"><div class=\"wp-block-group__inner-container is-layout-constrained wp-block-group-is-layout-constrained\">\n<figure class=\"wp-block-gallery has-nested-images columns-default is-cropped wp-block-gallery-1 is-layout-flex wp-block-gallery-is-layout-flex\">\n<figure class=\"wp-block-image size-large\"><img loading=\"lazy\" decoding=\"async\" width=\"1024\" height=\"642\" data-id=\"625\" src=\"https:\/\/oisis.projects.unibz.it\/wp-content\/uploads\/2023\/06\/Foto2-1-1024x642.jpg\" alt=\"\" class=\"wp-image-625\" srcset=\"https:\/\/oisis.projects.unibz.it\/wp-content\/uploads\/2023\/06\/Foto2-1-1024x642.jpg 1024w, https:\/\/oisis.projects.unibz.it\/wp-content\/uploads\/2023\/06\/Foto2-1-300x188.jpg 300w, https:\/\/oisis.projects.unibz.it\/wp-content\/uploads\/2023\/06\/Foto2-1-768x482.jpg 768w, https:\/\/oisis.projects.unibz.it\/wp-content\/uploads\/2023\/06\/Foto2-1-1536x964.jpg 1536w, https:\/\/oisis.projects.unibz.it\/wp-content\/uploads\/2023\/06\/Foto2-1-2048x1285.jpg 2048w\" sizes=\"auto, (max-width: 1024px) 100vw, 1024px\" \/><\/figure>\n\n\n\n<figure class=\"wp-block-image size-large\"><img loading=\"lazy\" decoding=\"async\" width=\"1024\" height=\"744\" data-id=\"624\" src=\"https:\/\/oisis.projects.unibz.it\/wp-content\/uploads\/2023\/06\/Foto3-2-1024x744.jpg\" alt=\"\" class=\"wp-image-624\" srcset=\"https:\/\/oisis.projects.unibz.it\/wp-content\/uploads\/2023\/06\/Foto3-2-1024x744.jpg 1024w, https:\/\/oisis.projects.unibz.it\/wp-content\/uploads\/2023\/06\/Foto3-2-300x218.jpg 300w, https:\/\/oisis.projects.unibz.it\/wp-content\/uploads\/2023\/06\/Foto3-2-768x558.jpg 768w, https:\/\/oisis.projects.unibz.it\/wp-content\/uploads\/2023\/06\/Foto3-2-1536x1117.jpg 1536w, https:\/\/oisis.projects.unibz.it\/wp-content\/uploads\/2023\/06\/Foto3-2-2048x1489.jpg 2048w\" sizes=\"auto, (max-width: 1024px) 100vw, 1024px\" \/><\/figure>\n<\/figure>\n\n\n\n<p><\/p>\n\n\n\n<p><strong>Workshop Finale OISIS<\/strong><\/p>\n\n\n\n<p>Il workshop finale di OISIS si \u00e8 svolto il 26 e 27 maggio. I partecipanti hanno avuto modo di conoscere i risultati della ricerca del progetto e di discutere e riflettere sui singoli temi di ricerca di OISIS.<\/p>\n\n\n\n<p>Ringraziamo tutti i partecipanti e i relatori per queste due giornate entusiasmanti.<br>I risultati del workshop e della ricerca saranno presto pubblicati su questa pagina.<\/p>\n<\/div><\/div>\n\n\n<ul class=\"wp-block-latest-posts__list alignleft list-news wp-block-latest-posts\"><li><div class=\"wp-block-latest-posts__featured-image\"><img loading=\"lazy\" decoding=\"async\" width=\"640\" height=\"288\" src=\"https:\/\/oisis.projects.unibz.it\/wp-content\/uploads\/2022\/04\/20220324_191854-1024x461.jpg\" class=\"attachment-large size-large wp-post-image\" alt=\"\" style=\"\" srcset=\"https:\/\/oisis.projects.unibz.it\/wp-content\/uploads\/2022\/04\/20220324_191854-1024x461.jpg 1024w, https:\/\/oisis.projects.unibz.it\/wp-content\/uploads\/2022\/04\/20220324_191854-300x135.jpg 300w, https:\/\/oisis.projects.unibz.it\/wp-content\/uploads\/2022\/04\/20220324_191854-768x346.jpg 768w, https:\/\/oisis.projects.unibz.it\/wp-content\/uploads\/2022\/04\/20220324_191854-1536x692.jpg 1536w, https:\/\/oisis.projects.unibz.it\/wp-content\/uploads\/2022\/04\/20220324_191854-2048x922.jpg 2048w\" sizes=\"auto, (max-width: 640px) 100vw, 640px\" \/><\/div><a class=\"wp-block-latest-posts__post-title\" href=\"https:\/\/oisis.projects.unibz.it\/?p=609\">Evento di presentazione del libro \u201cLa staffetta cooperativa\u201d di Alberto Stenico e Oscar Kiesswetter<\/a><div class=\"wp-block-latest-posts__post-excerpt\">Gioved\u00ec 24 marzo 2022 si \u00e8 tenuto presso unibz l\u2019evento di presentazione del libro \u201cLa staffetta cooperativa\u201d di Alberto Stenico e Oscar Kiesswetter. L\u2019evento \u00e8 stato co-organizzato dall\u2019Osservatorio OISIS, in collaborazione con la Facolt\u00e0 di Economia della Libera Universit\u00e0 di Bolzano e l\u2019Associazione degli scrittori di Bolzano. Durante l\u2019evento sono intervenuti i due autori, il\u2026 <a class=\"wp-block-latest-posts__read-more\" href=\"https:\/\/oisis.projects.unibz.it\/?p=609\" rel=\"noopener noreferrer\">Read more<span class=\"screen-reader-text\">: Evento di presentazione del libro \u201cLa staffetta cooperativa\u201d di Alberto Stenico e Oscar Kiesswetter<\/span><\/a><\/div><\/li>\n<li><div class=\"wp-block-latest-posts__featured-image\"><img loading=\"lazy\" decoding=\"async\" width=\"640\" height=\"537\" src=\"https:\/\/oisis.projects.unibz.it\/wp-content\/uploads\/2022\/02\/COOP-MINDSET_Promo-Social.png\" class=\"attachment-large size-large wp-post-image\" alt=\"\" style=\"\" srcset=\"https:\/\/oisis.projects.unibz.it\/wp-content\/uploads\/2022\/02\/COOP-MINDSET_Promo-Social.png 940w, https:\/\/oisis.projects.unibz.it\/wp-content\/uploads\/2022\/02\/COOP-MINDSET_Promo-Social-300x251.png 300w, https:\/\/oisis.projects.unibz.it\/wp-content\/uploads\/2022\/02\/COOP-MINDSET_Promo-Social-768x644.png 768w\" sizes=\"auto, (max-width: 640px) 100vw, 640px\" \/><\/div><a class=\"wp-block-latest-posts__post-title\" href=\"https:\/\/oisis.projects.unibz.it\/?p=555\">Percorso Coop Mindset \u2013 Seconda parte<\/a><div class=\"wp-block-latest-posts__post-excerpt\">Hai un\u2019idea imprenditoriale cooperativa ad impatto sociale? Sei una cooperativa e vuoi sperimentare nuove idee? Candidati allora per partecipare al percorso laboratoriale per lo sviluppo di nuove idee cooperative Coop Mindset, organizzato e implementato da OISIS insieme all\u2019istituto di ricerca Euricse, all\u2019Universit\u00e0 di Trento, all\u2019Universit\u00e0 di Palermo, a Hub Innovazione Trentino e a Irecoop Alto\u2026 <a class=\"wp-block-latest-posts__read-more\" href=\"https:\/\/oisis.projects.unibz.it\/?p=555\" rel=\"noopener noreferrer\">Read more<span class=\"screen-reader-text\">: Percorso Coop Mindset \u2013 Seconda parte<\/span><\/a><\/div><\/li>\n<li><div class=\"wp-block-latest-posts__featured-image\"><img loading=\"lazy\" decoding=\"async\" width=\"640\" height=\"640\" src=\"https:\/\/oisis.projects.unibz.it\/wp-content\/uploads\/2021\/11\/Post_Social_eventosocialinnovators1-1-1024x1024.png\" class=\"attachment-large size-large wp-post-image\" alt=\"\" style=\"\" srcset=\"https:\/\/oisis.projects.unibz.it\/wp-content\/uploads\/2021\/11\/Post_Social_eventosocialinnovators1-1-1024x1024.png 1024w, https:\/\/oisis.projects.unibz.it\/wp-content\/uploads\/2021\/11\/Post_Social_eventosocialinnovators1-1-300x300.png 300w, https:\/\/oisis.projects.unibz.it\/wp-content\/uploads\/2021\/11\/Post_Social_eventosocialinnovators1-1-150x150.png 150w, https:\/\/oisis.projects.unibz.it\/wp-content\/uploads\/2021\/11\/Post_Social_eventosocialinnovators1-1-768x768.png 768w, https:\/\/oisis.projects.unibz.it\/wp-content\/uploads\/2021\/11\/Post_Social_eventosocialinnovators1-1-1536x1536.png 1536w, https:\/\/oisis.projects.unibz.it\/wp-content\/uploads\/2021\/11\/Post_Social_eventosocialinnovators1-1-2048x2048.png 2048w\" sizes=\"auto, (max-width: 640px) 100vw, 640px\" \/><\/div><a class=\"wp-block-latest-posts__post-title\" href=\"https:\/\/oisis.projects.unibz.it\/?p=522\">Evento Social Innovators as Changemakers in South Tyrol Event<\/a><div class=\"wp-block-latest-posts__post-excerpt\">Gioved\u00ec 11 novembre alle ore 17.30, l&#8217;Osservatorio OISIS organizza un evento online in occasione del Social Enterprise Day sul tema degli innovatori\/innovatrici e imprenditori\/imprenditrici sociali in Alto Adige e sul loro ruolo come agenti del cambiamento. L&#8217;evento \u00e8 visibile attraverso questo LINK. Am Donnerstag, 11. November um 17:30 Uhr organiziert OISIS ein Online Event im\u2026 <a class=\"wp-block-latest-posts__read-more\" href=\"https:\/\/oisis.projects.unibz.it\/?p=522\" rel=\"noopener noreferrer\">Read more<span class=\"screen-reader-text\">: Evento Social Innovators as Changemakers in South Tyrol Event<\/span><\/a><\/div><\/li>\n<li><div class=\"wp-block-latest-posts__featured-image\"><img loading=\"lazy\" decoding=\"async\" width=\"640\" height=\"427\" src=\"https:\/\/oisis.projects.unibz.it\/wp-content\/uploads\/2021\/02\/IMG_4164-1024x683.jpg\" class=\"attachment-large size-large wp-post-image\" alt=\"\" style=\"\" srcset=\"https:\/\/oisis.projects.unibz.it\/wp-content\/uploads\/2021\/02\/IMG_4164-1024x683.jpg 1024w, https:\/\/oisis.projects.unibz.it\/wp-content\/uploads\/2021\/02\/IMG_4164-300x200.jpg 300w, https:\/\/oisis.projects.unibz.it\/wp-content\/uploads\/2021\/02\/IMG_4164-768x512.jpg 768w, https:\/\/oisis.projects.unibz.it\/wp-content\/uploads\/2021\/02\/IMG_4164-1536x1024.jpg 1536w, https:\/\/oisis.projects.unibz.it\/wp-content\/uploads\/2021\/02\/IMG_4164-2048x1365.jpg 2048w\" sizes=\"auto, (max-width: 640px) 100vw, 640px\" \/><\/div><a class=\"wp-block-latest-posts__post-title\" href=\"https:\/\/oisis.projects.unibz.it\/?p=501\">Corso Social Business Model Clinic Kurs &#8211; seconda edizione<\/a><div class=\"wp-block-latest-posts__post-excerpt\">OISIS organizza la seconda edizione del corso Social Business Model Clinic nell\u2019ambito dell\u2019offerta formativa dello Studium Generale della Libera Universit\u00e0 di Bolzano. Il corso, offerto in modalit\u00e0 online, inizia a fine novembre 2021. Il corso \u00e8 rivolto a chi ha responsabilit\u00e0 strategiche in imprese o cooperative sociali e consente di acquisire conoscenze e competenze per\u2026 <a class=\"wp-block-latest-posts__read-more\" href=\"https:\/\/oisis.projects.unibz.it\/?p=501\" rel=\"noopener noreferrer\">Read more<span class=\"screen-reader-text\">: Corso Social Business Model Clinic Kurs &#8211; seconda edizione<\/span><\/a><\/div><\/li>\n<li><div class=\"wp-block-latest-posts__featured-image\"><img loading=\"lazy\" decoding=\"async\" width=\"640\" height=\"537\" src=\"https:\/\/oisis.projects.unibz.it\/wp-content\/uploads\/2021\/09\/COOP-MINDSET-SOCIAL-v.2.png\" class=\"attachment-large size-large wp-post-image\" alt=\"\" style=\"\" srcset=\"https:\/\/oisis.projects.unibz.it\/wp-content\/uploads\/2021\/09\/COOP-MINDSET-SOCIAL-v.2.png 940w, https:\/\/oisis.projects.unibz.it\/wp-content\/uploads\/2021\/09\/COOP-MINDSET-SOCIAL-v.2-300x251.png 300w, https:\/\/oisis.projects.unibz.it\/wp-content\/uploads\/2021\/09\/COOP-MINDSET-SOCIAL-v.2-768x644.png 768w\" sizes=\"auto, (max-width: 640px) 100vw, 640px\" \/><\/div><a class=\"wp-block-latest-posts__post-title\" href=\"https:\/\/oisis.projects.unibz.it\/?p=440\">Corso Coop Mindset &#8211; prima parte<\/a><div class=\"wp-block-latest-posts__post-excerpt\">L&#8217;Osservatorio OISIS, insieme all&#8217;istituto di ricerca Euricse, all&#8217;Universit\u00e0 di Trento, all&#8217;Universit\u00e0 di Palermo, a Hub Innovazione Trentino e a Irecoop Alto Adige S\u00fcdtirol, organizza il corso Coopmindset che verr\u00e0 offerto all&#8217;interno dell&#8217;offerta formativa dello Studium Generale della Libera Universit\u00e0 di Bolzano. Il corso avr\u00e0 inizio il 29 ottobre 2021 e si svilupper\u00e0 in 6 moduli\u2026 <a class=\"wp-block-latest-posts__read-more\" href=\"https:\/\/oisis.projects.unibz.it\/?p=440\" rel=\"noopener noreferrer\">Read more<span class=\"screen-reader-text\">: Corso Coop Mindset &#8211; prima parte<\/span><\/a><\/div><\/li>\n<\/ul>\n\n\n<div class=\"wp-block-group\"><div class=\"wp-block-group__inner-container is-layout-constrained wp-block-group-is-layout-constrained\"><\/div><\/div>\n\n\n\n<p><\/p>\n\n\n\n<div class=\"wp-block-columns is-layout-flex wp-container-core-columns-is-layout-9d6595d7 wp-block-columns-is-layout-flex\">\n<div class=\"wp-block-column is-layout-flow wp-block-column-is-layout-flow\" style=\"flex-basis:100%\">\n<p><\/p>\n\n\n\n<figure class=\"wp-block-gallery has-nested-images columns-default is-cropped wp-block-gallery-2 is-layout-flex wp-block-gallery-is-layout-flex\"><\/figure>\n<\/div>\n<\/div>\n","protected":false},"excerpt":{"rendered":"<p>Workshop Finale OISIS Il workshop finale di OISIS si \u00e8 svolto il 26 e 27 maggio. I partecipanti hanno avuto modo di conoscere i risultati della ricerca del progetto e di discutere e riflettere sui singoli temi di ricerca di OISIS. Ringraziamo tutti i partecipanti e i relatori per queste due giornate entusiasmanti.I risultati del workshop e della ricerca saranno presto pubblicati su questa pagina.<\/p>\n","protected":false},"author":8,"featured_media":0,"parent":0,"menu_order":0,"comment_status":"closed","ping_status":"closed","template":"","meta":{"footnotes":""},"class_list":["post-166","page","type-page","status-publish","hentry"],"yoast_head":"<!-- This site is optimized with the Yoast SEO plugin v27.2 - https:\/\/yoast.com\/product\/yoast-seo-wordpress\/ -->\n<title>News &amp; Events - oisis.projects<\/title>\n<meta name=\"robots\" content=\"index, follow, max-snippet:-1, max-image-preview:large, max-video-preview:-1\" \/>\n<link rel=\"canonical\" href=\"https:\/\/oisis.projects.unibz.it\/?page_id=166\" \/>\n<meta property=\"og:locale\" content=\"en_US\" \/>\n<meta property=\"og:type\" content=\"article\" \/>\n<meta property=\"og:title\" content=\"News &amp; Events - oisis.projects\" \/>\n<meta property=\"og:description\" content=\"Workshop Finale OISIS Il workshop finale di OISIS si \u00e8 svolto il 26 e 27 maggio. I partecipanti hanno avuto modo di conoscere i risultati della ricerca del progetto e di discutere e riflettere sui singoli temi di ricerca di OISIS. Ringraziamo tutti i partecipanti e i relatori per queste due giornate entusiasmanti.I risultati del workshop e della ricerca saranno presto pubblicati su questa pagina.\" \/>\n<meta property=\"og:url\" content=\"https:\/\/oisis.projects.unibz.it\/?page_id=166\" \/>\n<meta property=\"og:site_name\" content=\"oisis.projects\" \/>\n<meta property=\"article:modified_time\" content=\"2023-06-05T06:33:55+00:00\" \/>\n<meta property=\"og:image\" content=\"https:\/\/oisis.projects.unibz.it\/wp-content\/uploads\/2023\/06\/Foto2-1-1024x642.jpg\" \/>\n<meta name=\"twitter:card\" content=\"summary_large_image\" \/>\n<meta name=\"twitter:label1\" content=\"Est. reading time\" \/>\n\t<meta name=\"twitter:data1\" content=\"1 minute\" \/>\n<script type=\"application\/ld+json\" class=\"yoast-schema-graph\">{\"@context\":\"https:\/\/schema.org\",\"@graph\":[{\"@type\":\"WebPage\",\"@id\":\"https:\/\/oisis.projects.unibz.it\/?page_id=166\",\"url\":\"https:\/\/oisis.projects.unibz.it\/?page_id=166\",\"name\":\"News & Events - oisis.projects\",\"isPartOf\":{\"@id\":\"https:\/\/oisis.projects.unibz.it\/#website\"},\"primaryImageOfPage\":{\"@id\":\"https:\/\/oisis.projects.unibz.it\/?page_id=166#primaryimage\"},\"image\":{\"@id\":\"https:\/\/oisis.projects.unibz.it\/?page_id=166#primaryimage\"},\"thumbnailUrl\":\"https:\/\/oisis.projects.unibz.it\/wp-content\/uploads\/2023\/06\/Foto2-1-1024x642.jpg\",\"datePublished\":\"2021-02-08T17:49:47+00:00\",\"dateModified\":\"2023-06-05T06:33:55+00:00\",\"breadcrumb\":{\"@id\":\"https:\/\/oisis.projects.unibz.it\/?page_id=166#breadcrumb\"},\"inLanguage\":\"en-US\",\"potentialAction\":[{\"@type\":\"ReadAction\",\"target\":[\"https:\/\/oisis.projects.unibz.it\/?page_id=166\"]}]},{\"@type\":\"ImageObject\",\"inLanguage\":\"en-US\",\"@id\":\"https:\/\/oisis.projects.unibz.it\/?page_id=166#primaryimage\",\"url\":\"https:\/\/oisis.projects.unibz.it\/wp-content\/uploads\/2023\/06\/Foto2-1-1024x642.jpg\",\"contentUrl\":\"https:\/\/oisis.projects.unibz.it\/wp-content\/uploads\/2023\/06\/Foto2-1-1024x642.jpg\"},{\"@type\":\"BreadcrumbList\",\"@id\":\"https:\/\/oisis.projects.unibz.it\/?page_id=166#breadcrumb\",\"itemListElement\":[{\"@type\":\"ListItem\",\"position\":1,\"name\":\"Home\",\"item\":\"https:\/\/oisis.projects.unibz.it\/\"},{\"@type\":\"ListItem\",\"position\":2,\"name\":\"News &#038; Events\"}]},{\"@type\":\"WebSite\",\"@id\":\"https:\/\/oisis.projects.unibz.it\/#website\",\"url\":\"https:\/\/oisis.projects.unibz.it\/\",\"name\":\"oisis.projects\",\"description\":\"\",\"potentialAction\":[{\"@type\":\"SearchAction\",\"target\":{\"@type\":\"EntryPoint\",\"urlTemplate\":\"https:\/\/oisis.projects.unibz.it\/?s={search_term_string}\"},\"query-input\":{\"@type\":\"PropertyValueSpecification\",\"valueRequired\":true,\"valueName\":\"search_term_string\"}}],\"inLanguage\":\"en-US\"}]}<\/script>\n<!-- \/ Yoast SEO plugin. -->","yoast_head_json":{"title":"News & Events - oisis.projects","robots":{"index":"index","follow":"follow","max-snippet":"max-snippet:-1","max-image-preview":"max-image-preview:large","max-video-preview":"max-video-preview:-1"},"canonical":"https:\/\/oisis.projects.unibz.it\/?page_id=166","og_locale":"en_US","og_type":"article","og_title":"News & Events - oisis.projects","og_description":"Workshop Finale OISIS Il workshop finale di OISIS si \u00e8 svolto il 26 e 27 maggio. I partecipanti hanno avuto modo di conoscere i risultati della ricerca del progetto e di discutere e riflettere sui singoli temi di ricerca di OISIS. Ringraziamo tutti i partecipanti e i relatori per queste due giornate entusiasmanti.I risultati del workshop e della ricerca saranno presto pubblicati su questa pagina.","og_url":"https:\/\/oisis.projects.unibz.it\/?page_id=166","og_site_name":"oisis.projects","article_modified_time":"2023-06-05T06:33:55+00:00","og_image":[{"url":"https:\/\/oisis.projects.unibz.it\/wp-content\/uploads\/2023\/06\/Foto2-1-1024x642.jpg","type":"","width":"","height":""}],"twitter_card":"summary_large_image","twitter_misc":{"Est. reading time":"1 minute"},"schema":{"@context":"https:\/\/schema.org","@graph":[{"@type":"WebPage","@id":"https:\/\/oisis.projects.unibz.it\/?page_id=166","url":"https:\/\/oisis.projects.unibz.it\/?page_id=166","name":"News & Events - oisis.projects","isPartOf":{"@id":"https:\/\/oisis.projects.unibz.it\/#website"},"primaryImageOfPage":{"@id":"https:\/\/oisis.projects.unibz.it\/?page_id=166#primaryimage"},"image":{"@id":"https:\/\/oisis.projects.unibz.it\/?page_id=166#primaryimage"},"thumbnailUrl":"https:\/\/oisis.projects.unibz.it\/wp-content\/uploads\/2023\/06\/Foto2-1-1024x642.jpg","datePublished":"2021-02-08T17:49:47+00:00","dateModified":"2023-06-05T06:33:55+00:00","breadcrumb":{"@id":"https:\/\/oisis.projects.unibz.it\/?page_id=166#breadcrumb"},"inLanguage":"en-US","potentialAction":[{"@type":"ReadAction","target":["https:\/\/oisis.projects.unibz.it\/?page_id=166"]}]},{"@type":"ImageObject","inLanguage":"en-US","@id":"https:\/\/oisis.projects.unibz.it\/?page_id=166#primaryimage","url":"https:\/\/oisis.projects.unibz.it\/wp-content\/uploads\/2023\/06\/Foto2-1-1024x642.jpg","contentUrl":"https:\/\/oisis.projects.unibz.it\/wp-content\/uploads\/2023\/06\/Foto2-1-1024x642.jpg"},{"@type":"BreadcrumbList","@id":"https:\/\/oisis.projects.unibz.it\/?page_id=166#breadcrumb","itemListElement":[{"@type":"ListItem","position":1,"name":"Home","item":"https:\/\/oisis.projects.unibz.it\/"},{"@type":"ListItem","position":2,"name":"News &#038; Events"}]},{"@type":"WebSite","@id":"https:\/\/oisis.projects.unibz.it\/#website","url":"https:\/\/oisis.projects.unibz.it\/","name":"oisis.projects","description":"","potentialAction":[{"@type":"SearchAction","target":{"@type":"EntryPoint","urlTemplate":"https:\/\/oisis.projects.unibz.it\/?s={search_term_string}"},"query-input":{"@type":"PropertyValueSpecification","valueRequired":true,"valueName":"search_term_string"}}],"inLanguage":"en-US"}]}},"_links":{"self":[{"href":"https:\/\/oisis.projects.unibz.it\/index.php?rest_route=\/wp\/v2\/pages\/166","targetHints":{"allow":["GET"]}}],"collection":[{"href":"https:\/\/oisis.projects.unibz.it\/index.php?rest_route=\/wp\/v2\/pages"}],"about":[{"href":"https:\/\/oisis.projects.unibz.it\/index.php?rest_route=\/wp\/v2\/types\/page"}],"author":[{"embeddable":true,"href":"https:\/\/oisis.projects.unibz.it\/index.php?rest_route=\/wp\/v2\/users\/8"}],"replies":[{"embeddable":true,"href":"https:\/\/oisis.projects.unibz.it\/index.php?rest_route=%2Fwp%2Fv2%2Fcomments&post=166"}],"version-history":[{"count":15,"href":"https:\/\/oisis.projects.unibz.it\/index.php?rest_route=\/wp\/v2\/pages\/166\/revisions"}],"predecessor-version":[{"id":632,"href":"https:\/\/oisis.projects.unibz.it\/index.php?rest_route=\/wp\/v2\/pages\/166\/revisions\/632"}],"wp:attachment":[{"href":"https:\/\/oisis.projects.unibz.it\/index.php?rest_route=%2Fwp%2Fv2%2Fmedia&parent=166"}],"curies":[{"name":"wp","href":"https:\/\/api.w.org\/{rel}","templated":true}]}}