{"id":160,"date":"2021-02-08T17:32:01","date_gmt":"2021-02-08T17:32:01","guid":{"rendered":"http:\/\/oisis.projects.unibz.it\/?page_id=160"},"modified":"2022-03-18T09:16:37","modified_gmt":"2022-03-18T09:16:37","slug":"chi-siamo","status":"publish","type":"page","link":"https:\/\/oisis.projects.unibz.it\/?page_id=160","title":{"rendered":"Chi Siamo"},"content":{"rendered":"\n<p><strong><span class=\"has-inline-color has-luminous-vivid-orange-color\">L&#8217;OSSERVATORIO<\/span><\/strong><\/p>\n\n\n\n<p><\/p>\n\n\n\n<p>OISIS \u00e8 l&#8217;osservatorio sull&#8217;innovazione sociale e l&#8217;imprenditorialit\u00e0 sociale della Facolt\u00e0 di Economia della Libera Universit\u00e0 di Bolzano. Studia l\u2019ecosistema dell\u2019innovazione sociale in Alto Adige, favorendo lo sviluppo di un approccio imprenditoriale per la soluzione di problemi sociali e il conseguimento degli obiettivi di sviluppo sostenibile.&nbsp;<\/p>\n\n\n\n<p><mark style=\"background-color:rgba(0, 0, 0, 0)\" class=\"has-inline-color has-luminous-vivid-orange-color\">Cos&#8217;\u00e8 l&#8217;imprenditorialit\u00e0 sociale<\/mark><\/p>\n\n\n\n<p>L\u2019imprenditorialit\u00e0 sociale ha come obiettivo finale quello di risolvere i problemi sociali che ci circondano attraverso l\u2019innovazione sociale, sviluppando quindi nuove soluzioni a problemi esistenti. Per problemi sociali si intendono tutte le sfide attuali e future che la nostra societ\u00e0 deve affrontare per garantire la sostenibilit\u00e0 sociale, ambientale ed economica. <\/p>\n\n\n\n<p>I punti di maggiore criticit\u00e0 e su cui si devono concentrare gli sforzi sono stati definiti dalle Nazioni Unite attraverso l\u2019identificazione degli obiettivi di sviluppo sostenibile. Gli obiettivi definiti sono 17 e spaziano dalla salute, al cambiamento climatico, alle ineguaglianze e alla vita sulla terra. Per un approfondimento \u00e8 possibile visitare il <a href=\"https:\/\/sdgs.un.org\/goals\">sito delle Nazioni Unite<\/a> e quello della <a href=\"https:\/\/astat.provinz.bz.it\/barometro\/upload\/sdg\/html\/it\/index.html\">Provincia di Bolzano e dell\u2019ASTAT<\/a> che sta monitorando il raggiungimento di questi obiettivi in Alto Adige.<\/p>\n\n\n\n<p><mark style=\"background-color:rgba(0, 0, 0, 0)\" class=\"has-inline-color has-luminous-vivid-orange-color\">Partnerships, obiettivi e attivit\u00e0<\/mark><\/p>\n\n\n\n<p>OISIS \u00e8 un progetto di 3 anni della Facolt\u00e0 di Economia e Management della Libera Universit\u00e0 di Bolzano promosso dall\u2019ufficio sviluppo della Cooperazione della Provincia Autonoma di Bolzano, in collaborazione con le centrali cooperative dell\u2019Alto Adige. <\/p>\n\n\n\n<p>OISIS si pone un duplice obiettivo:<\/p>\n\n\n\n<ul class=\"wp-block-list\"><li>l\u2019analisi degli ecosistemi di innovazione sociale per il perseguimento degli obiettivi di sviluppo sostenibile e<\/li><li>la diffusione di un approccio imprenditoriale per la nascita e lo sviluppo di imprese sociali.&nbsp;<\/li><\/ul>\n\n\n\n<p>Questi obiettivi sono perseguiti attraverso alcune linee di azione che comprendono anche un\u2019offerta formativa (corsi e workshop) proposta nell\u2019ambito dello Studium Generale di unibz, con la collaborazione delle 4 centrali cooperative che operano nel territorio dell\u2019Alto Adige (Coopbund, Raiffeisenverband, Cooperdolomiti, AGCI). Il primo di questi corsi \u00e8 rivolto alle cooperative e alle imprese sociali esistenti e propone un percorso per la valutazione del modello imprenditoriale, dei servizi e dei prodotti offerti ai propri beneficiari. Tra gli altri temi proposti e sviluppati da OISIS, l\u2019applicazione del modello open innovation all\u2019innovazione sociale e l\u2019idea di crescita come motore per raggiungere un maggiore impatto.&nbsp;<\/p>\n\n\n\n<div style=\"height:35px\" aria-hidden=\"true\" class=\"wp-block-spacer\"><\/div>\n\n\n\n<p><strong><span class=\"has-inline-color has-luminous-vivid-orange-color\">DIE BEOBACHTUNGSSTELLE<\/span><\/strong><\/p>\n\n\n\n<p><\/p>\n\n\n\n<p>OISIS ist die Beobachtungsstelle f\u00fcr soziale Innovation und soziales Unternehmertum der Fakult\u00e4t f\u00fcr Wirtschaftswissenschaften der Freien Universit\u00e4t Bozen. Es untersucht das \u00d6kosystem der sozialen Innovation in S\u00fcdtirol und f\u00f6rdert die Entwicklung eines unternehmerischen Ansatzes zur L\u00f6sung sozialer Probleme und zur Erreichung nachhaltiger Entwicklungsziele.<\/p>\n\n\n\n<p><mark style=\"background-color:rgba(0, 0, 0, 0)\" class=\"has-inline-color has-luminous-vivid-orange-color\">Was bedeutet soziales Unternehmertum?<\/mark><\/p>\n\n\n\n<p>Ziel des sozialen Unternehmertums ist die L\u00f6sung der sozialen Fragen unserer Zeit, anhand der Entwicklung von innovativen L\u00f6sungen zu allgegenw\u00e4rtigen Problemen. Als soziale Fragen verstehen wir die Herausforderungen der Gegenwart und der Zukunft, vor denen unsere Gesellschaft steht, um soziale, \u00f6kologische und wirtschaftliche Nachhaltigkeit zu sichern. Die Schl\u00fcsselfragen wurden von den Vereinten Nationen erarbeitet, und als <em>Ziele f\u00fcr nachhaltige Entwicklung<\/em> festgelegt. Diese 17 Ziele strecken sich vom Thema Gesundheit, \u00fcber den Klimawandel, bis hin zur sozialen und wirtschaftlichen Ungleichheit und dem Leben auf der Erde. N\u00e4here Informationen diesbez\u00fcglich liefern die <a href=\"https:\/\/sdgs.un.org\/goals\">Homepage der Vereinten Nationen<\/a> und die der <a href=\"https:\/\/astat.provinz.bz.it\/barometro\/upload\/sdg\/html\/it\/index.html\">Autonomen Provinz Bozen und des ASTAT,<\/a> welche die Erreichung dieser Ziele in S\u00fcdtirol \u00fcberwachen.<\/p>\n\n\n\n<p><mark style=\"background-color:rgba(0, 0, 0, 0)\" class=\"has-inline-color has-luminous-vivid-orange-color\">Partnerships, Ziele und Aktivit\u00e4ten<\/mark><\/p>\n\n\n\n<p>OISIS ist ein dreij\u00e4hriges Projekt der Fakult\u00e4t f\u00fcr Wirtschaftswissenschaften der Freien Universit\u00e4t Bozen, welches vom Amt f\u00fcr die Entwicklung des Genossenschaftswesens der Autonomen Provinz Bozen gef\u00f6rdert wird, und mit den Dachverb\u00e4nden der Genossenschaften in S\u00fcdtirol zusammenarbeitet. Die beiden Hauptzielsetzungen von OISIS sind folgende:<\/p>\n\n\n\n<ul class=\"wp-block-list\"><li>die Analyse der \u00d6kosysteme der sozialen Innovation, welche verschiedene L\u00f6sungswege f\u00fcr die <em>Ziele f\u00fcr nachhaltige Entwicklung<\/em> anstreben und verfolgen;<\/li><li>die Erarbeitung und F\u00f6rderung eines unternehmerischen Ansatzes zur Gr\u00fcndung und Entwicklung von sozialen Unternehmen.<\/li><\/ul>\n\n\n\n<p>Diese Zielsetzungen werden anhand verschiedener Herangehensweisen verfolgt. Die geplanten Aktivit\u00e4ten beinhalten, unter Anderem, ein Schulungsangebot (Kurse und Workshops) welches im Rahmen des<em> Studium Generale<\/em> der unibz, und in Zusammenarbeit mit den Dachverb\u00e4nden der Genossenschaften in S\u00fcdtirol organisiert wird (Coopbund, Raiffeisenverband, Cooperdolomiti, AGCI). Der erste Kurs richtet sich an bestehende Genossenschaften und soziale Unternehmen und beinhaltet die Erkl\u00e4rung und Anwendung von Methoden zur Auswertung des Gesch\u00e4ftsmodells, der Dienstleistungen und der Produkte, die den Beg\u00fcnstigten angeboten werden. Einige der anderen von OISIS vorgesehenen und erarbeiteten Themen sind die Anwendung des <em>Open-Innovation-Modells<\/em> auf soziale Innovation, sowie die Idee des Wachstums als Antrieb um einen gr\u00f6\u00dferen, weitreichenden Einfluss zu erzeugen.<\/p>\n\n\n\n<div style=\"height:45px\" aria-hidden=\"true\" class=\"wp-block-spacer\"><\/div>\n\n\n\n<p><strong><span class=\"has-inline-color has-luminous-vivid-orange-color\">TEAM<\/span><\/strong><\/p>\n\n\n\n<p><\/p>\n\n\n\n<figure class=\"wp-block-gallery has-nested-images columns-5 is-cropped wp-block-gallery-1 is-layout-flex wp-block-gallery-is-layout-flex\">\n<figure class=\"wp-block-image size-large\"><img loading=\"lazy\" decoding=\"async\" width=\"300\" height=\"300\" data-id=\"303\" src=\"https:\/\/oisis.projects.unibz.it\/wp-content\/uploads\/2021\/02\/A.Narduzzo-300x300.jpg\" alt=\"\" class=\"wp-image-303\" srcset=\"https:\/\/oisis.projects.unibz.it\/wp-content\/uploads\/2021\/02\/A.Narduzzo-300x300.jpg 300w, https:\/\/oisis.projects.unibz.it\/wp-content\/uploads\/2021\/02\/A.Narduzzo-150x150.jpg 150w, https:\/\/oisis.projects.unibz.it\/wp-content\/uploads\/2021\/02\/A.Narduzzo-768x768.jpg 768w, https:\/\/oisis.projects.unibz.it\/wp-content\/uploads\/2021\/02\/A.Narduzzo.jpg 800w\" sizes=\"auto, (max-width: 300px) 100vw, 300px\" \/><figcaption>Prof. Alessandro Narduzzo<\/figcaption><\/figure>\n\n\n\n<figure class=\"wp-block-image size-large\"><img loading=\"lazy\" decoding=\"async\" width=\"300\" height=\"300\" data-id=\"305\" src=\"https:\/\/oisis.projects.unibz.it\/wp-content\/uploads\/2021\/02\/V.-Cavotta-300x300.jpg\" alt=\"\" class=\"wp-image-305\" srcset=\"https:\/\/oisis.projects.unibz.it\/wp-content\/uploads\/2021\/02\/V.-Cavotta-300x300.jpg 300w, https:\/\/oisis.projects.unibz.it\/wp-content\/uploads\/2021\/02\/V.-Cavotta-150x150.jpg 150w, https:\/\/oisis.projects.unibz.it\/wp-content\/uploads\/2021\/02\/V.-Cavotta-768x768.jpg 768w, https:\/\/oisis.projects.unibz.it\/wp-content\/uploads\/2021\/02\/V.-Cavotta.jpg 800w\" sizes=\"auto, (max-width: 300px) 100vw, 300px\" \/><figcaption>Dr. Valeria Cavotta<\/figcaption><\/figure>\n\n\n\n<figure class=\"wp-block-image size-large\"><img loading=\"lazy\" decoding=\"async\" width=\"300\" height=\"300\" data-id=\"304\" src=\"https:\/\/oisis.projects.unibz.it\/wp-content\/uploads\/2021\/02\/C.-Menini-300x300.jpg\" alt=\"\" class=\"wp-image-304\" srcset=\"https:\/\/oisis.projects.unibz.it\/wp-content\/uploads\/2021\/02\/C.-Menini-300x300.jpg 300w, https:\/\/oisis.projects.unibz.it\/wp-content\/uploads\/2021\/02\/C.-Menini-150x150.jpg 150w, https:\/\/oisis.projects.unibz.it\/wp-content\/uploads\/2021\/02\/C.-Menini-768x768.jpg 768w, https:\/\/oisis.projects.unibz.it\/wp-content\/uploads\/2021\/02\/C.-Menini.jpg 800w\" sizes=\"auto, (max-width: 300px) 100vw, 300px\" \/><figcaption>Chiara Menini<\/figcaption><\/figure>\n\n\n\n<figure class=\"wp-block-image size-large\"><img loading=\"lazy\" decoding=\"async\" width=\"475\" height=\"438\" data-id=\"596\" src=\"https:\/\/oisis.projects.unibz.it\/wp-content\/uploads\/2022\/03\/Marlene-3.jpg\" alt=\"\" class=\"wp-image-596\" srcset=\"https:\/\/oisis.projects.unibz.it\/wp-content\/uploads\/2022\/03\/Marlene-3.jpg 475w, https:\/\/oisis.projects.unibz.it\/wp-content\/uploads\/2022\/03\/Marlene-3-300x277.jpg 300w\" sizes=\"auto, (max-width: 475px) 100vw, 475px\" \/><figcaption>Marlene Klotz<\/figcaption><\/figure>\n<\/figure>\n\n\n\n<div style=\"height:45px\" aria-hidden=\"true\" class=\"wp-block-spacer\"><\/div>\n\n\n\n<p><strong><span class=\"has-inline-color has-luminous-vivid-orange-color\">SCIENTIFIC BOARD<\/span><\/strong><\/p>\n\n\n\n<p><br>Prof. Johanna Mair, Hertie School of Governance and Stanford University<\/p>\n\n\n\n<p>Prof. Francesco Rullani, Universit\u00e0 Ca&#8217; Foscari Venezia<\/p>\n\n\n\n<div style=\"height:45px\" aria-hidden=\"true\" class=\"wp-block-spacer\"><\/div>\n\n\n\n<p><strong><span class=\"has-inline-color has-luminous-vivid-orange-color\">ADVISORY BOARD<\/span><\/strong><\/p>\n\n\n\n<p><strong><span class=\"has-inline-color has-luminous-vivid-orange-color\"><br><\/span><\/strong>Alex Baldo, Coopbund Alto Adige S\u00fcdtirol<\/p>\n\n\n\n<p>Nicola Grosso, AGCI Alto Adige S\u00fcdtirol<\/p>\n\n\n\n<p>Letizia Lazzaro, Cooperdolomiti<\/p>\n\n\n\n<p>Alexia Lochmann, The Growth Lab at Harvard&#8217;s Center for International Development<\/p>\n\n\n\n<p>Horand Meier, Unit\u00e0 operativa governo clinico della Provincia Autonoma di Bolzano<\/p>\n\n\n\n<p>Rudolf Sch\u00f6nhuber, Medico specialista in Neurologia<\/p>\n\n\n\n<p>Christian Tanner, Raiffeisenverband S\u00fcdtirol<\/p>\n\n\n\n<p>Paolo Valente, Caritas Bolzano-Bressanone<\/p>\n","protected":false},"excerpt":{"rendered":"<p>L&#8217;OSSERVATORIO OISIS \u00e8 l&#8217;osservatorio sull&#8217;innovazione sociale e l&#8217;imprenditorialit\u00e0 sociale della Facolt\u00e0 di Economia della Libera Universit\u00e0 di Bolzano. Studia l\u2019ecosistema dell\u2019innovazione sociale in Alto Adige, favorendo lo sviluppo di un approccio imprenditoriale per la soluzione di problemi sociali e il conseguimento degli obiettivi di sviluppo sostenibile.&nbsp; Cos&#8217;\u00e8 l&#8217;imprenditorialit\u00e0 sociale L\u2019imprenditorialit\u00e0 sociale ha come obiettivo finale quello di risolvere i problemi sociali che ci circondano attraverso l\u2019innovazione sociale, sviluppando quindi nuove soluzioni a problemi esistenti. Per problemi sociali si intendono tutte le sfide attuali e future che la nostra societ\u00e0 deve affrontare per garantire la sostenibilit\u00e0 sociale, ambientale ed economica. I [&hellip;]<\/p>\n","protected":false},"author":8,"featured_media":0,"parent":0,"menu_order":0,"comment_status":"closed","ping_status":"closed","template":"","meta":{"footnotes":""},"class_list":["post-160","page","type-page","status-publish","hentry"],"yoast_head":"<!-- This site is optimized with the Yoast SEO plugin v27.5 - https:\/\/yoast.com\/product\/yoast-seo-wordpress\/ -->\n<title>Chi Siamo - oisis.projects<\/title>\n<meta name=\"robots\" content=\"index, follow, max-snippet:-1, max-image-preview:large, max-video-preview:-1\" \/>\n<link rel=\"canonical\" href=\"https:\/\/oisis.projects.unibz.it\/?page_id=160\" \/>\n<meta property=\"og:locale\" content=\"en_US\" \/>\n<meta property=\"og:type\" content=\"article\" \/>\n<meta property=\"og:title\" content=\"Chi Siamo - oisis.projects\" \/>\n<meta property=\"og:description\" content=\"L&#8217;OSSERVATORIO OISIS \u00e8 l&#8217;osservatorio sull&#8217;innovazione sociale e l&#8217;imprenditorialit\u00e0 sociale della Facolt\u00e0 di Economia della Libera Universit\u00e0 di Bolzano. Studia l\u2019ecosistema dell\u2019innovazione sociale in Alto Adige, favorendo lo sviluppo di un approccio imprenditoriale per la soluzione di problemi sociali e il conseguimento degli obiettivi di sviluppo sostenibile.&nbsp; Cos&#8217;\u00e8 l&#8217;imprenditorialit\u00e0 sociale L\u2019imprenditorialit\u00e0 sociale ha come obiettivo finale quello di risolvere i problemi sociali che ci circondano attraverso l\u2019innovazione sociale, sviluppando quindi nuove soluzioni a problemi esistenti. Per problemi sociali si intendono tutte le sfide attuali e future che la nostra societ\u00e0 deve affrontare per garantire la sostenibilit\u00e0 sociale, ambientale ed economica. I [&hellip;]\" \/>\n<meta property=\"og:url\" content=\"https:\/\/oisis.projects.unibz.it\/?page_id=160\" \/>\n<meta property=\"og:site_name\" content=\"oisis.projects\" \/>\n<meta property=\"article:modified_time\" content=\"2022-03-18T09:16:37+00:00\" \/>\n<meta property=\"og:image\" content=\"https:\/\/oisis.projects.unibz.it\/wp-content\/uploads\/2021\/02\/A.Narduzzo-300x300.jpg\" \/>\n<meta name=\"twitter:card\" content=\"summary_large_image\" \/>\n<meta name=\"twitter:label1\" content=\"Est. reading time\" \/>\n\t<meta name=\"twitter:data1\" content=\"5 minutes\" \/>\n<script type=\"application\/ld+json\" class=\"yoast-schema-graph\">{\"@context\":\"https:\\\/\\\/schema.org\",\"@graph\":[{\"@type\":\"WebPage\",\"@id\":\"https:\\\/\\\/oisis.projects.unibz.it\\\/?page_id=160\",\"url\":\"https:\\\/\\\/oisis.projects.unibz.it\\\/?page_id=160\",\"name\":\"Chi Siamo - oisis.projects\",\"isPartOf\":{\"@id\":\"https:\\\/\\\/oisis.projects.unibz.it\\\/#website\"},\"primaryImageOfPage\":{\"@id\":\"https:\\\/\\\/oisis.projects.unibz.it\\\/?page_id=160#primaryimage\"},\"image\":{\"@id\":\"https:\\\/\\\/oisis.projects.unibz.it\\\/?page_id=160#primaryimage\"},\"thumbnailUrl\":\"https:\\\/\\\/oisis.projects.unibz.it\\\/wp-content\\\/uploads\\\/2021\\\/02\\\/A.Narduzzo-300x300.jpg\",\"datePublished\":\"2021-02-08T17:32:01+00:00\",\"dateModified\":\"2022-03-18T09:16:37+00:00\",\"breadcrumb\":{\"@id\":\"https:\\\/\\\/oisis.projects.unibz.it\\\/?page_id=160#breadcrumb\"},\"inLanguage\":\"en-US\",\"potentialAction\":[{\"@type\":\"ReadAction\",\"target\":[\"https:\\\/\\\/oisis.projects.unibz.it\\\/?page_id=160\"]}]},{\"@type\":\"ImageObject\",\"inLanguage\":\"en-US\",\"@id\":\"https:\\\/\\\/oisis.projects.unibz.it\\\/?page_id=160#primaryimage\",\"url\":\"https:\\\/\\\/oisis.projects.unibz.it\\\/wp-content\\\/uploads\\\/2021\\\/02\\\/A.Narduzzo-300x300.jpg\",\"contentUrl\":\"https:\\\/\\\/oisis.projects.unibz.it\\\/wp-content\\\/uploads\\\/2021\\\/02\\\/A.Narduzzo-300x300.jpg\"},{\"@type\":\"BreadcrumbList\",\"@id\":\"https:\\\/\\\/oisis.projects.unibz.it\\\/?page_id=160#breadcrumb\",\"itemListElement\":[{\"@type\":\"ListItem\",\"position\":1,\"name\":\"Home\",\"item\":\"https:\\\/\\\/oisis.projects.unibz.it\\\/\"},{\"@type\":\"ListItem\",\"position\":2,\"name\":\"Chi Siamo\"}]},{\"@type\":\"WebSite\",\"@id\":\"https:\\\/\\\/oisis.projects.unibz.it\\\/#website\",\"url\":\"https:\\\/\\\/oisis.projects.unibz.it\\\/\",\"name\":\"oisis.projects\",\"description\":\"\",\"potentialAction\":[{\"@type\":\"SearchAction\",\"target\":{\"@type\":\"EntryPoint\",\"urlTemplate\":\"https:\\\/\\\/oisis.projects.unibz.it\\\/?s={search_term_string}\"},\"query-input\":{\"@type\":\"PropertyValueSpecification\",\"valueRequired\":true,\"valueName\":\"search_term_string\"}}],\"inLanguage\":\"en-US\"}]}<\/script>\n<!-- \/ Yoast SEO plugin. -->","yoast_head_json":{"title":"Chi Siamo - oisis.projects","robots":{"index":"index","follow":"follow","max-snippet":"max-snippet:-1","max-image-preview":"max-image-preview:large","max-video-preview":"max-video-preview:-1"},"canonical":"https:\/\/oisis.projects.unibz.it\/?page_id=160","og_locale":"en_US","og_type":"article","og_title":"Chi Siamo - oisis.projects","og_description":"L&#8217;OSSERVATORIO OISIS \u00e8 l&#8217;osservatorio sull&#8217;innovazione sociale e l&#8217;imprenditorialit\u00e0 sociale della Facolt\u00e0 di Economia della Libera Universit\u00e0 di Bolzano. Studia l\u2019ecosistema dell\u2019innovazione sociale in Alto Adige, favorendo lo sviluppo di un approccio imprenditoriale per la soluzione di problemi sociali e il conseguimento degli obiettivi di sviluppo sostenibile.&nbsp; Cos&#8217;\u00e8 l&#8217;imprenditorialit\u00e0 sociale L\u2019imprenditorialit\u00e0 sociale ha come obiettivo finale quello di risolvere i problemi sociali che ci circondano attraverso l\u2019innovazione sociale, sviluppando quindi nuove soluzioni a problemi esistenti. Per problemi sociali si intendono tutte le sfide attuali e future che la nostra societ\u00e0 deve affrontare per garantire la sostenibilit\u00e0 sociale, ambientale ed economica. I [&hellip;]","og_url":"https:\/\/oisis.projects.unibz.it\/?page_id=160","og_site_name":"oisis.projects","article_modified_time":"2022-03-18T09:16:37+00:00","og_image":[{"url":"https:\/\/oisis.projects.unibz.it\/wp-content\/uploads\/2021\/02\/A.Narduzzo-300x300.jpg","type":"","width":"","height":""}],"twitter_card":"summary_large_image","twitter_misc":{"Est. reading time":"5 minutes"},"schema":{"@context":"https:\/\/schema.org","@graph":[{"@type":"WebPage","@id":"https:\/\/oisis.projects.unibz.it\/?page_id=160","url":"https:\/\/oisis.projects.unibz.it\/?page_id=160","name":"Chi Siamo - oisis.projects","isPartOf":{"@id":"https:\/\/oisis.projects.unibz.it\/#website"},"primaryImageOfPage":{"@id":"https:\/\/oisis.projects.unibz.it\/?page_id=160#primaryimage"},"image":{"@id":"https:\/\/oisis.projects.unibz.it\/?page_id=160#primaryimage"},"thumbnailUrl":"https:\/\/oisis.projects.unibz.it\/wp-content\/uploads\/2021\/02\/A.Narduzzo-300x300.jpg","datePublished":"2021-02-08T17:32:01+00:00","dateModified":"2022-03-18T09:16:37+00:00","breadcrumb":{"@id":"https:\/\/oisis.projects.unibz.it\/?page_id=160#breadcrumb"},"inLanguage":"en-US","potentialAction":[{"@type":"ReadAction","target":["https:\/\/oisis.projects.unibz.it\/?page_id=160"]}]},{"@type":"ImageObject","inLanguage":"en-US","@id":"https:\/\/oisis.projects.unibz.it\/?page_id=160#primaryimage","url":"https:\/\/oisis.projects.unibz.it\/wp-content\/uploads\/2021\/02\/A.Narduzzo-300x300.jpg","contentUrl":"https:\/\/oisis.projects.unibz.it\/wp-content\/uploads\/2021\/02\/A.Narduzzo-300x300.jpg"},{"@type":"BreadcrumbList","@id":"https:\/\/oisis.projects.unibz.it\/?page_id=160#breadcrumb","itemListElement":[{"@type":"ListItem","position":1,"name":"Home","item":"https:\/\/oisis.projects.unibz.it\/"},{"@type":"ListItem","position":2,"name":"Chi Siamo"}]},{"@type":"WebSite","@id":"https:\/\/oisis.projects.unibz.it\/#website","url":"https:\/\/oisis.projects.unibz.it\/","name":"oisis.projects","description":"","potentialAction":[{"@type":"SearchAction","target":{"@type":"EntryPoint","urlTemplate":"https:\/\/oisis.projects.unibz.it\/?s={search_term_string}"},"query-input":{"@type":"PropertyValueSpecification","valueRequired":true,"valueName":"search_term_string"}}],"inLanguage":"en-US"}]}},"_links":{"self":[{"href":"https:\/\/oisis.projects.unibz.it\/index.php?rest_route=\/wp\/v2\/pages\/160","targetHints":{"allow":["GET"]}}],"collection":[{"href":"https:\/\/oisis.projects.unibz.it\/index.php?rest_route=\/wp\/v2\/pages"}],"about":[{"href":"https:\/\/oisis.projects.unibz.it\/index.php?rest_route=\/wp\/v2\/types\/page"}],"author":[{"embeddable":true,"href":"https:\/\/oisis.projects.unibz.it\/index.php?rest_route=\/wp\/v2\/users\/8"}],"replies":[{"embeddable":true,"href":"https:\/\/oisis.projects.unibz.it\/index.php?rest_route=%2Fwp%2Fv2%2Fcomments&post=160"}],"version-history":[{"count":37,"href":"https:\/\/oisis.projects.unibz.it\/index.php?rest_route=\/wp\/v2\/pages\/160\/revisions"}],"predecessor-version":[{"id":602,"href":"https:\/\/oisis.projects.unibz.it\/index.php?rest_route=\/wp\/v2\/pages\/160\/revisions\/602"}],"wp:attachment":[{"href":"https:\/\/oisis.projects.unibz.it\/index.php?rest_route=%2Fwp%2Fv2%2Fmedia&parent=160"}],"curies":[{"name":"wp","href":"https:\/\/api.w.org\/{rel}","templated":true}]}}